{"id":4333,"date":"2021-09-22T12:50:04","date_gmt":"2021-09-22T16:50:04","guid":{"rendered":"https:\/\/energiescolaires.ca\/?page_id=4333"},"modified":"2021-09-22T12:55:19","modified_gmt":"2021-09-22T16:55:19","slug":"partners","status":"publish","type":"page","link":"https:\/\/energiescolaire.ca\/en\/partners\/","title":{"rendered":"Partners"},"content":{"rendered":"<section class=\"wpb-content-wrapper\"><p>[vc_row][vc_column][vc_column_text]<\/p>\n<p align=\"JUSTIFY\">\u00c9nergie Scolaire\u2019s mission is to fund student engagement projects. We support outreach ideas at their initial stages, from high school to university.<\/p>\n<p align=\"JUSTIFY\">We are driven by the entrepreneurial spirit of young people in projects which :<\/p>\n<ul>\n<li>\n<p align=\"JUSTIFY\">Enrich knowledge;<\/p>\n<\/li>\n<li>\n<p align=\"JUSTIFY\">Arouse the desire for success and surpassing oneself;<\/p>\n<\/li>\n<li>\n<p align=\"JUSTIFY\">Encourage the development of community thinking;<\/p>\n<\/li>\n<li>\n<p align=\"JUSTIFY\">Contribute to the development of active and responsible leaders who are both dedicated to their community and open to the world.<\/p>\n<\/li>\n<\/ul>\n<p align=\"JUSTIFY\">We are open to contributions of any kind from our partners, be it financial, through their ideas and expertise or by volunteering. Your support and contribution will enable us to work together to build a stronger and more socially conscious community.<\/p>\n<p align=\"JUSTIFY\">In supporting \u00c9nergie Scolaire, your institution, company or organization will carve out an image of \u201cengaged citizenship\u201d working responsibly for the future of young people and the planet.<\/p>\n<p>How can we work together for the greater well-being of our society?<\/p>\n<p>Contact Julien Floriot at <a href=\"mailto:jfloriot@forcesavenir.qc.ca\">Jfloriot@forcesavenir.qc.ca. <\/a>[\/vc_column_text][\/vc_column][\/vc_row][vc_row full_width=&#8221;stretch_row&#8221; equal_height=&#8221;yes&#8221; content_placement=&#8221;middle&#8221; css=&#8221;.vc_custom_1628543395207{margin-top: -45px !important;padding-top: 45px !important;padding-bottom: 45px !important;}&#8221;][vc_column][vc_single_image image=&#8221;4227&#8243; img_size=&#8221;200&#215;200&#8243; alignment=&#8221;center&#8221; css_animation=&#8221;flash&#8221;]<div id=\"ultimate-heading-165769eb903e2ba24\" class=\"uvc-heading ult-adjust-bottom-margin ultimate-heading-165769eb903e2ba24 uvc-6537 accent-border-color\" data-hspacer=\"line_only\"  data-halign=\"center\" style=\"text-align:center\"><div class=\"uvc-main-heading ult-responsive\"  data-ultimate-target='.uvc-heading.ultimate-heading-165769eb903e2ba24 h2'  data-responsive-json-new='{\"font-size\":\"mobile_landscape:24px;\",\"line-height\":\"mobile_landscape:34px;\"}' ><h2 style=\"font-weight:bold;color:#000000;margin-bottom:20px;\">Our partners<\/h2><\/div><div class=\"uvc-heading-spacer line_only\" style=\"topheight:3px;\"><span class=\"uvc-headings-line\" style=\"border-style:solid;border-bottom-width:3px;border-color:;width:150px;\"><\/span><\/div><\/div>[\/vc_column][\/vc_row][vc_row full_width=&#8221;stretch_row&#8221;][vc_column][vc_column_text]<\/p>\n<p style=\"text-align: center;\">These outstanding partners enable \u00c9nergie Scolaire to shine forth.<\/p>\n<p>[\/vc_column_text][\/vc_column][\/vc_row][vc_row][vc_column]<section class=\"logos-grid wf-container\" data-width=\"180px\" data-columns=\"4\"><div class=\"wf-cell\"><div><a class=\"layzr-bg\" href=\"https:\/\/www.forcesavenir.qc.ca\/fondation.html\" target=\"_blank\" title=\"\" ><img loading=\"lazy\" decoding=\"async\" class=\"lazy-load\" src=\"data:image\/svg+xml;charset=utf-8,%3Csvg xmlns%3D&#039;http%3A%2F%2Fwww.w3.org%2F2000%2Fsvg&#039; viewBox%3D&#039;0 0 500 500&#039;%2F%3E\" width=\"500\" height=\"500\" alt=\"Fondation Forces AVENIR\" data-srcset=\"https:\/\/energiescolaire.ca\/wp-content\/uploads\/2021\/08\/fondation-forces-avenir.png 500w\" data-src=\"https:\/\/energiescolaire.ca\/wp-content\/uploads\/2021\/08\/fondation-forces-avenir.png\" \/><\/a><\/div><\/div><div class=\"wf-cell\"><div><a class=\"layzr-bg\" href=\"https:\/\/www.telus.com\/fr\/\" target=\"_blank\" title=\"\" ><img loading=\"lazy\" decoding=\"async\" class=\"lazy-load\" src=\"data:image\/svg+xml;charset=utf-8,%3Csvg xmlns%3D&#039;http%3A%2F%2Fwww.w3.org%2F2000%2Fsvg&#039; viewBox%3D&#039;0 0 500 500&#039;%2F%3E\" width=\"500\" height=\"500\" alt=\"Telus\" data-srcset=\"https:\/\/energiescolaire.ca\/wp-content\/uploads\/2021\/08\/LogoCOLOR_Telus_0.png 500w\" data-src=\"https:\/\/energiescolaire.ca\/wp-content\/uploads\/2021\/08\/LogoCOLOR_Telus_0.png\" \/><\/a><\/div><\/div><div class=\"wf-cell\"><div><a class=\"layzr-bg\" href=\"https:\/\/ia.ca\/\" target=\"_blank\" title=\"\" ><img loading=\"lazy\" decoding=\"async\" class=\"lazy-load\" src=\"data:image\/svg+xml;charset=utf-8,%3Csvg xmlns%3D&#039;http%3A%2F%2Fwww.w3.org%2F2000%2Fsvg&#039; viewBox%3D&#039;0 0 500 500&#039;%2F%3E\" width=\"500\" height=\"500\" alt=\"iA Groupe financier\" data-srcset=\"https:\/\/energiescolaire.ca\/wp-content\/uploads\/2021\/08\/ia-grouoe-financier.jpg 500w\" data-src=\"https:\/\/energiescolaire.ca\/wp-content\/uploads\/2021\/08\/ia-grouoe-financier.jpg\" \/><\/a><\/div><\/div><div class=\"wf-cell\"><div><a class=\"layzr-bg\" href=\"https:\/\/www.jeunes.gouv.qc.ca\/\" target=\"_blank\" title=\"\" ><img loading=\"lazy\" decoding=\"async\" class=\"lazy-load\" src=\"data:image\/svg+xml;charset=utf-8,%3Csvg xmlns%3D&#039;http%3A%2F%2Fwww.w3.org%2F2000%2Fsvg&#039; viewBox%3D&#039;0 0 500 500&#039;%2F%3E\" width=\"500\" height=\"500\" alt=\"Secr\u00e9tariat \u00e0 la jeunesse du Qu\u00e9bec\" data-srcset=\"https:\/\/energiescolaire.ca\/wp-content\/uploads\/2021\/08\/secretatiat.jpg 500w\" data-src=\"https:\/\/energiescolaire.ca\/wp-content\/uploads\/2021\/08\/secretatiat.jpg\" \/><\/a><\/div><\/div><\/section>[\/vc_column][\/vc_row]<\/p>\n<\/section>","protected":false},"excerpt":{"rendered":"<p>[vc_row][vc_column][vc_column_text] \u00c9nergie Scolaire\u2019s mission is to fund student engagement projects. We support outreach ideas at their initial stages, from high school to university. We are driven by the entrepreneurial spirit of young people in projects which : Enrich knowledge; Arouse the desire for success and surpassing oneself; Encourage the development of community thinking; Contribute to&hellip;<\/p>\n","protected":false},"author":1,"featured_media":0,"parent":0,"menu_order":0,"comment_status":"closed","ping_status":"closed","template":"","meta":{"footnotes":""},"class_list":["post-4333","page","type-page","status-publish","hentry","description-off"],"yoast_head":"<!-- This site is optimized with the Yoast SEO plugin v27.4 - https:\/\/yoast.com\/product\/yoast-seo-wordpress\/ -->\n<title>Partners - \u00c9nergie Scolaire<\/title>\n<meta name=\"robots\" content=\"noindex, follow, max-snippet:-1, max-image-preview:large, max-video-preview:-1\" \/>\n<meta property=\"og:locale\" content=\"en_US\" \/>\n<meta property=\"og:type\" content=\"article\" \/>\n<meta property=\"og:title\" content=\"Partners - \u00c9nergie Scolaire\" \/>\n<meta property=\"og:description\" content=\"[vc_row][vc_column][vc_column_text] \u00c9nergie Scolaire\u2019s mission is to fund student engagement projects. We support outreach ideas at their initial stages, from high school to university. We are driven by the entrepreneurial spirit of young people in projects which : Enrich knowledge; Arouse the desire for success and surpassing oneself; Encourage the development of community thinking; Contribute to&hellip;\" \/>\n<meta property=\"og:url\" content=\"https:\/\/energiescolaire.ca\/en\/partners\/\" \/>\n<meta property=\"og:site_name\" content=\"\u00c9nergie Scolaire\" \/>\n<meta property=\"article:modified_time\" content=\"2021-09-22T16:55:19+00:00\" \/>\n<meta name=\"twitter:card\" content=\"summary_large_image\" \/>\n<meta name=\"twitter:label1\" content=\"Est. reading time\" \/>\n\t<meta name=\"twitter:data1\" content=\"1 minute\" \/>\n<script type=\"application\/ld+json\" class=\"yoast-schema-graph\">{\"@context\":\"https:\\\/\\\/schema.org\",\"@graph\":[{\"@type\":\"WebPage\",\"@id\":\"https:\\\/\\\/energiescolaire.ca\\\/en\\\/partners\\\/\",\"url\":\"https:\\\/\\\/energiescolaire.ca\\\/en\\\/partners\\\/\",\"name\":\"Partners - \u00c9nergie Scolaire\",\"isPartOf\":{\"@id\":\"https:\\\/\\\/energiescolaire.ca\\\/en\\\/#website\"},\"datePublished\":\"2021-09-22T16:50:04+00:00\",\"dateModified\":\"2021-09-22T16:55:19+00:00\",\"breadcrumb\":{\"@id\":\"https:\\\/\\\/energiescolaire.ca\\\/en\\\/partners\\\/#breadcrumb\"},\"inLanguage\":\"en-US\",\"potentialAction\":[{\"@type\":\"ReadAction\",\"target\":[\"https:\\\/\\\/energiescolaire.ca\\\/en\\\/partners\\\/\"]}]},{\"@type\":\"BreadcrumbList\",\"@id\":\"https:\\\/\\\/energiescolaire.ca\\\/en\\\/partners\\\/#breadcrumb\",\"itemListElement\":[{\"@type\":\"ListItem\",\"position\":1,\"name\":\"Accueil\",\"item\":\"https:\\\/\\\/energiescolaire.ca\\\/en\\\/?lang=en\"},{\"@type\":\"ListItem\",\"position\":2,\"name\":\"Partners\"}]},{\"@type\":\"WebSite\",\"@id\":\"https:\\\/\\\/energiescolaire.ca\\\/en\\\/#website\",\"url\":\"https:\\\/\\\/energiescolaire.ca\\\/en\\\/\",\"name\":\"\u00c9nergie Scolaire\",\"description\":\"\",\"publisher\":{\"@id\":\"https:\\\/\\\/energiescolaire.ca\\\/en\\\/#organization\"},\"potentialAction\":[{\"@type\":\"SearchAction\",\"target\":{\"@type\":\"EntryPoint\",\"urlTemplate\":\"https:\\\/\\\/energiescolaire.ca\\\/en\\\/?s={search_term_string}\"},\"query-input\":{\"@type\":\"PropertyValueSpecification\",\"valueRequired\":true,\"valueName\":\"search_term_string\"}}],\"inLanguage\":\"en-US\"},{\"@type\":\"Organization\",\"@id\":\"https:\\\/\\\/energiescolaire.ca\\\/en\\\/#organization\",\"name\":\"\u00c9nergie Scolaire\",\"url\":\"https:\\\/\\\/energiescolaire.ca\\\/en\\\/\",\"logo\":{\"@type\":\"ImageObject\",\"inLanguage\":\"en-US\",\"@id\":\"https:\\\/\\\/energiescolaire.ca\\\/en\\\/#\\\/schema\\\/logo\\\/image\\\/\",\"url\":\"https:\\\/\\\/energiescolaire.ca\\\/wp-content\\\/uploads\\\/2021\\\/08\\\/logo_energie_scolaire_rgb.png\",\"contentUrl\":\"https:\\\/\\\/energiescolaire.ca\\\/wp-content\\\/uploads\\\/2021\\\/08\\\/logo_energie_scolaire_rgb.png\",\"width\":2500,\"height\":1500,\"caption\":\"\u00c9nergie Scolaire\"},\"image\":{\"@id\":\"https:\\\/\\\/energiescolaire.ca\\\/en\\\/#\\\/schema\\\/logo\\\/image\\\/\"}}]}<\/script>\n<!-- \/ Yoast SEO plugin. -->","yoast_head_json":{"title":"Partners - \u00c9nergie Scolaire","robots":{"index":"noindex","follow":"follow","max-snippet":"max-snippet:-1","max-image-preview":"max-image-preview:large","max-video-preview":"max-video-preview:-1"},"og_locale":"en_US","og_type":"article","og_title":"Partners - \u00c9nergie Scolaire","og_description":"[vc_row][vc_column][vc_column_text] \u00c9nergie Scolaire\u2019s mission is to fund student engagement projects. We support outreach ideas at their initial stages, from high school to university. We are driven by the entrepreneurial spirit of young people in projects which : Enrich knowledge; Arouse the desire for success and surpassing oneself; Encourage the development of community thinking; Contribute to&hellip;","og_url":"https:\/\/energiescolaire.ca\/en\/partners\/","og_site_name":"\u00c9nergie Scolaire","article_modified_time":"2021-09-22T16:55:19+00:00","twitter_card":"summary_large_image","twitter_misc":{"Est. reading time":"1 minute"},"schema":{"@context":"https:\/\/schema.org","@graph":[{"@type":"WebPage","@id":"https:\/\/energiescolaire.ca\/en\/partners\/","url":"https:\/\/energiescolaire.ca\/en\/partners\/","name":"Partners - \u00c9nergie Scolaire","isPartOf":{"@id":"https:\/\/energiescolaire.ca\/en\/#website"},"datePublished":"2021-09-22T16:50:04+00:00","dateModified":"2021-09-22T16:55:19+00:00","breadcrumb":{"@id":"https:\/\/energiescolaire.ca\/en\/partners\/#breadcrumb"},"inLanguage":"en-US","potentialAction":[{"@type":"ReadAction","target":["https:\/\/energiescolaire.ca\/en\/partners\/"]}]},{"@type":"BreadcrumbList","@id":"https:\/\/energiescolaire.ca\/en\/partners\/#breadcrumb","itemListElement":[{"@type":"ListItem","position":1,"name":"Accueil","item":"https:\/\/energiescolaire.ca\/en\/?lang=en"},{"@type":"ListItem","position":2,"name":"Partners"}]},{"@type":"WebSite","@id":"https:\/\/energiescolaire.ca\/en\/#website","url":"https:\/\/energiescolaire.ca\/en\/","name":"\u00c9nergie Scolaire","description":"","publisher":{"@id":"https:\/\/energiescolaire.ca\/en\/#organization"},"potentialAction":[{"@type":"SearchAction","target":{"@type":"EntryPoint","urlTemplate":"https:\/\/energiescolaire.ca\/en\/?s={search_term_string}"},"query-input":{"@type":"PropertyValueSpecification","valueRequired":true,"valueName":"search_term_string"}}],"inLanguage":"en-US"},{"@type":"Organization","@id":"https:\/\/energiescolaire.ca\/en\/#organization","name":"\u00c9nergie Scolaire","url":"https:\/\/energiescolaire.ca\/en\/","logo":{"@type":"ImageObject","inLanguage":"en-US","@id":"https:\/\/energiescolaire.ca\/en\/#\/schema\/logo\/image\/","url":"https:\/\/energiescolaire.ca\/wp-content\/uploads\/2021\/08\/logo_energie_scolaire_rgb.png","contentUrl":"https:\/\/energiescolaire.ca\/wp-content\/uploads\/2021\/08\/logo_energie_scolaire_rgb.png","width":2500,"height":1500,"caption":"\u00c9nergie Scolaire"},"image":{"@id":"https:\/\/energiescolaire.ca\/en\/#\/schema\/logo\/image\/"}}]}},"_links":{"self":[{"href":"https:\/\/energiescolaire.ca\/en\/wp-json\/wp\/v2\/pages\/4333","targetHints":{"allow":["GET"]}}],"collection":[{"href":"https:\/\/energiescolaire.ca\/en\/wp-json\/wp\/v2\/pages"}],"about":[{"href":"https:\/\/energiescolaire.ca\/en\/wp-json\/wp\/v2\/types\/page"}],"author":[{"embeddable":true,"href":"https:\/\/energiescolaire.ca\/en\/wp-json\/wp\/v2\/users\/1"}],"replies":[{"embeddable":true,"href":"https:\/\/energiescolaire.ca\/en\/wp-json\/wp\/v2\/comments?post=4333"}],"version-history":[{"count":0,"href":"https:\/\/energiescolaire.ca\/en\/wp-json\/wp\/v2\/pages\/4333\/revisions"}],"wp:attachment":[{"href":"https:\/\/energiescolaire.ca\/en\/wp-json\/wp\/v2\/media?parent=4333"}],"curies":[{"name":"wp","href":"https:\/\/api.w.org\/{rel}","templated":true}]}}